{"id":401,"date":"2021-06-21T14:17:41","date_gmt":"2021-06-21T14:17:41","guid":{"rendered":"https:\/\/sebastianwaack.de\/neu\/?page_id=401"},"modified":"2025-12-22T09:17:41","modified_gmt":"2025-12-22T08:17:41","slug":"impressum","status":"publish","type":"page","link":"https:\/\/sebastianwaack.de\/de\/impressum\/","title":{"rendered":"Impressum"},"content":{"rendered":"\t\t<div data-elementor-type=\"wp-page\" data-elementor-id=\"401\" class=\"elementor elementor-401\" data-elementor-post-type=\"page\">\n\t\t\t\t\t\t<section class=\"elementor-section elementor-top-section elementor-element elementor-element-1b0936d elementor-section-boxed elementor-section-height-default elementor-section-height-default\" data-id=\"1b0936d\" data-element_type=\"section\" data-e-type=\"section\">\n\t\t\t\t\t\t<div class=\"elementor-container elementor-column-gap-default\">\n\t\t\t\t\t<div class=\"elementor-column elementor-col-100 elementor-top-column elementor-element elementor-element-46f11bb\" data-id=\"46f11bb\" data-element_type=\"column\" data-e-type=\"column\">\n\t\t\t<div class=\"elementor-widget-wrap elementor-element-populated\">\n\t\t\t\t\t\t<div data-dce-title-color=\"#333333\" class=\"elementor-element elementor-element-f8b0133 elementor-widget elementor-widget-heading\" data-id=\"f8b0133\" data-element_type=\"widget\" data-e-type=\"widget\" data-widget_type=\"heading.default\">\n\t\t\t\t<div class=\"elementor-widget-container\">\n\t\t\t\t\t<h2 class=\"elementor-heading-title elementor-size-default\">Impressum<\/h2>\t\t\t\t<\/div>\n\t\t\t\t<\/div>\n\t\t\t\t<div class=\"elementor-element elementor-element-1d444fc elementor-widget elementor-widget-text-editor\" data-id=\"1d444fc\" data-element_type=\"widget\" data-e-type=\"widget\" data-widget_type=\"text-editor.default\">\n\t\t\t\t<div class=\"elementor-widget-container\">\n\t\t\t\t\t\t\t\t\t<p><strong>Sebastian Waack &#8211; Personal Business Trainer<br \/><\/strong><br \/>Inhaber: Sebastian Waack<\/p><p>Neustadtscontrescarpe 44 28199 Bremen<\/p><p>Germany<\/p><p>Mobil: +49 176 41418 6264<br \/>E-Mailadresse: anfrage@sebastianwaack.de<\/p><p>USt-IdNr.: DE278926554<\/p><p>Inhaltlich verantwortlich: Sebastian Waack, Adresse wie oben.<\/p><p><strong>Plattform der Europ\u00e4ischen Kommission zur Online-Streitbeilegung (OS) f\u00fcr Verbraucher:<\/strong> <a href=\"https:\/\/ec.europa.eu\/consumers\/odr\/\" target=\"_blank\" rel=\"noopener nofollow\">https:\/\/ec.europa.eu\/consumers\/odr\/<\/a>.<br \/>Wir sind nicht bereit und nicht verpflichtet an einem Streitbeilegungsverfahren vor einer Verbraucherschlichtungsstelle teilzunehmen.<\/p><div><p><strong>Urheberrecht<\/strong><\/p><\/div><p>Die durch die Seitenbetreiber erstellten Inhalte und Werke auf diesen Seiten unterliegen dem deutschen Urheberrecht. Die Vervielf\u00e4ltigung, Bearbeitung, Verbreitung und jede Art der Verwertung au\u00dfer halb der Grenzen des Urheberrechtes bed\u00fcrfen der schriftlichen Zustimmung des jeweiligen Autors bzw. Erstellers. Downloads und Kopien dieser Seite sind nur f\u00fcr den privaten, nicht kommerziellen Gebrauch gestattet. Soweit die Inhalte auf dieser Seite nicht vom Betreiber erstellt wurden, werden die Urheberrechte Dritter beachtet. Ins besondere wer den Inhalte Dritter als solche gekennzeichnet. Sollten Sie trotz dem auf eine Urheberrechtsverletzung aufmerksam werden, bitten wir um einen entsprechen den Hinweis. Bei Bekanntwerden von Rechtsverletzungen werden wir derartige Inhalte umgehend entfernen.<\/p>\t\t\t\t\t\t\t\t<\/div>\n\t\t\t\t<\/div>\n\t\t\t\t\t<\/div>\n\t\t<\/div>\n\t\t\t\t\t<\/div>\n\t\t<\/section>\n\t\t\t\t<\/div>\n\t\t","protected":false},"excerpt":{"rendered":"<p>Impressum Sebastian Waack &#8211; Personal Business TrainerInhaber: Sebastian Waack Neustadtscontrescarpe 44 28199 Bremen Germany Mobil: +49 176 41418 6264E-Mailadresse: anfrage@sebastianwaack.de USt-IdNr.: DE278926554 Inhaltlich verantwortlich: Sebastian Waack, Adresse wie oben. Plattform der Europ\u00e4ischen Kommission zur Online-Streitbeilegung (OS) f\u00fcr Verbraucher: https:\/\/ec.europa.eu\/consumers\/odr\/.Wir sind nicht bereit und nicht verpflichtet an einem Streitbeilegungsverfahren vor einer Verbraucherschlichtungsstelle teilzunehmen. Urheberrecht Die durch [&hellip;]<\/p>\n","protected":false},"author":1,"featured_media":0,"parent":0,"menu_order":0,"comment_status":"closed","ping_status":"closed","template":"","meta":{"_acf_changed":false,"footnotes":""},"class_list":["post-401","page","type-page","status-publish","hentry"],"acf":[],"_links":{"self":[{"href":"https:\/\/sebastianwaack.de\/de\/wp-json\/wp\/v2\/pages\/401","targetHints":{"allow":["GET"]}}],"collection":[{"href":"https:\/\/sebastianwaack.de\/de\/wp-json\/wp\/v2\/pages"}],"about":[{"href":"https:\/\/sebastianwaack.de\/de\/wp-json\/wp\/v2\/types\/page"}],"author":[{"embeddable":true,"href":"https:\/\/sebastianwaack.de\/de\/wp-json\/wp\/v2\/users\/1"}],"replies":[{"embeddable":true,"href":"https:\/\/sebastianwaack.de\/de\/wp-json\/wp\/v2\/comments?post=401"}],"version-history":[{"count":3,"href":"https:\/\/sebastianwaack.de\/de\/wp-json\/wp\/v2\/pages\/401\/revisions"}],"predecessor-version":[{"id":13102,"href":"https:\/\/sebastianwaack.de\/de\/wp-json\/wp\/v2\/pages\/401\/revisions\/13102"}],"wp:attachment":[{"href":"https:\/\/sebastianwaack.de\/de\/wp-json\/wp\/v2\/media?parent=401"}],"curies":[{"name":"wp","href":"https:\/\/api.w.org\/{rel}","templated":true}]}}